{"id":9020,"date":"2019-11-28T17:41:27","date_gmt":"2019-11-28T16:41:27","guid":{"rendered":"https:\/\/cz24.info\/grinding-centre\/"},"modified":"2021-04-15T15:02:35","modified_gmt":"2021-04-15T13:02:35","slug":"grinding-center","status":"publish","type":"page","link":"https:\/\/www.scmetal.cz\/en\/grinding-center\/","title":{"rendered":"Grinding center"},"content":{"rendered":"[vc_row full_width=&#8221;stretch_row&#8221; content_placement=&#8221;middle&#8221; bg_type=&#8221;image&#8221; parallax_style=&#8221;vcpb-default&#8221; bg_image_new=&#8221;id^7230|url^http:\/\/scmetal.cz\/wp-content\/uploads\/sites\/19\/2017\/06\/brouseni-1.jpg|caption^null|alt^null|title^brouseni-1|description^null&#8221; bg_image_repeat=&#8221;no-repeat&#8221; bg_override=&#8221;ex-full&#8221; header_style=&#8221;qodef-light-header&#8221; anchor=&#8221;implementace-reference&#8221; el_id=&#8221;implementace-reference&#8221;][vc_column][vc_row_inner][vc_column_inner el_class=&#8221;blok_hlavicka1&#8243;][vc_empty_space height=&#8221;100&#8243;][vc_custom_heading text=&#8221;Grinding center&#8221; font_container=&#8221;tag:h1|text_align:center|color:%23ffffff&#8221; use_theme_fonts=&#8221;yes&#8221;][vc_custom_heading text=&#8221;Grinding, brushing, circle-polishing, plastering and deburring of sheet metals and metal shapes&#8221; font_container=&#8221;tag:h2|text_align:center|color:%23ffffff&#8221; use_theme_fonts=&#8221;yes&#8221;][vc_empty_space height=&#8221;25&#8243;][\/vc_column_inner][\/vc_row_inner][\/vc_column][\/vc_row][vc_row full_width=&#8221;stretch_row&#8221; el_id=&#8221;vyhody&#8221;][vc_column offset=&#8221;vc_col-lg-3 vc_col-md-6&#8243;]<div class=\"aio-icon-component  vc_custom_1610550116513   style_1\"><div id=\"Info-box-wrap-1127\" class=\"aio-icon-box top-icon\" style=\"\"  ><div class=\"aio-icon-top\"><div class=\"ult-just-icon-wrapper  \"><div class=\"align-icon\" style=\"text-align:center;\">\n<div class=\"aio-icon-img \" style=\"font-size:px;display:inline-block;\" >\n\t<img decoding=\"async\" class=\"img-icon\" alt=\"null\" src=\"https:\/\/www.scmetal.cz\/wp-content\/uploads\/2017\/07\/Datov\u00fd-zdroj-14-1-2.png\"\/>\n<\/div><\/div><\/div><\/div><div class=\"aio-icon-header\" ><h2 class=\"aio-icon-title ult-responsive\"  data-ultimate-target='#Info-box-wrap-1127 .aio-icon-title'  data-responsive-json-new='{\"font-size\":\"\",\"line-height\":\"\"}'  style=\"\">Dry grinding<\/h2><\/div> <!-- header --><div class=\"aio-icon-description ult-responsive\"  data-ultimate-target='#Info-box-wrap-1127 .aio-icon-description'  data-responsive-json-new='{\"font-size\":\"\",\"line-height\":\"\"}'  style=\"\">Grinding and brushing sheet metals up to 12mm thick, sheet metal format up to 1500x5000mm.<\/div> <!-- description --><\/div> <!-- aio-icon-box --><\/div> <!-- aio-icon-component -->[\/vc_column][vc_column offset=&#8221;vc_col-lg-3 vc_col-md-6&#8243;]<div class=\"aio-icon-component  vc_custom_1610549319011   style_1\"><div id=\"Info-box-wrap-1820\" class=\"aio-icon-box top-icon\" style=\"\"  ><div class=\"aio-icon-top\"><div class=\"ult-just-icon-wrapper  \"><div class=\"align-icon\" style=\"text-align:center;\">\n<div class=\"aio-icon-img \" style=\"font-size:px;display:inline-block;\" >\n\t<img decoding=\"async\" class=\"img-icon\" alt=\"null\" src=\"https:\/\/www.scmetal.cz\/wp-content\/uploads\/2017\/07\/Datov\u00fd-zdroj-14-1-2.png\"\/>\n<\/div><\/div><\/div><\/div><div class=\"aio-icon-header\" ><h2 class=\"aio-icon-title ult-responsive\"  data-ultimate-target='#Info-box-wrap-1820 .aio-icon-title'  data-responsive-json-new='{\"font-size\":\"\",\"line-height\":\"\"}'  style=\"\">Wet grinding<\/h2><\/div> <!-- header --><div class=\"aio-icon-description ult-responsive\"  data-ultimate-target='#Info-box-wrap-1820 .aio-icon-description'  data-responsive-json-new='{\"font-size\":\"\",\"line-height\":\"\"}'  style=\"\">Grinding and brushing metal parts of a maximum thickness of 150mm up to a minimum surface roughness of Ra 0,08\u03bcm.<\/div> <!-- description --><\/div> <!-- aio-icon-box --><\/div> <!-- aio-icon-component -->[\/vc_column][vc_column offset=&#8221;vc_col-lg-3 vc_col-md-6&#8243;]<div class=\"aio-icon-component  vc_custom_1610550089127   style_1\"><div id=\"Info-box-wrap-7452\" class=\"aio-icon-box top-icon\" style=\"\"  ><div class=\"aio-icon-top\"><div class=\"ult-just-icon-wrapper  \"><div class=\"align-icon\" style=\"text-align:center;\">\n<div class=\"aio-icon-img \" style=\"font-size:px;display:inline-block;\" >\n\t<img decoding=\"async\" class=\"img-icon\" alt=\"null\" src=\"https:\/\/www.scmetal.cz\/wp-content\/uploads\/2017\/07\/Datov\u00fd-zdroj-14-1-2.png\"\/>\n<\/div><\/div><\/div><\/div><div class=\"aio-icon-header\" ><h2 class=\"aio-icon-title ult-responsive\"  data-ultimate-target='#Info-box-wrap-7452 .aio-icon-title'  data-responsive-json-new='{\"font-size\":\"\",\"line-height\":\"\"}'  style=\"\">Circle-polishing and plastering<\/h2><\/div> <!-- header --><div class=\"aio-icon-description ult-responsive\"  data-ultimate-target='#Info-box-wrap-7452 .aio-icon-description'  data-responsive-json-new='{\"font-size\":\"\",\"line-height\":\"\"}'  style=\"\">Circle-polishing and plastering sheet metals with a protective film up to a maximum format of 2000x6000mm.<\/div> <!-- description --><\/div> <!-- aio-icon-box --><\/div> <!-- aio-icon-component -->[\/vc_column][vc_column offset=&#8221;vc_col-lg-3 vc_col-md-6&#8243;]<div class=\"aio-icon-component  vc_custom_1610552189871   style_1\"><div id=\"Info-box-wrap-2122\" class=\"aio-icon-box top-icon\" style=\"\"  ><div class=\"aio-icon-top\"><div class=\"ult-just-icon-wrapper  \"><div class=\"align-icon\" style=\"text-align:center;\">\n<div class=\"aio-icon-img \" style=\"font-size:px;display:inline-block;\" >\n\t<img decoding=\"async\" class=\"img-icon\" alt=\"null\" src=\"https:\/\/www.scmetal.cz\/wp-content\/uploads\/2017\/07\/Datov\u00fd-zdroj-14-1-2.png\"\/>\n<\/div><\/div><\/div><\/div><div class=\"aio-icon-header\" ><h2 class=\"aio-icon-title ult-responsive\"  data-ultimate-target='#Info-box-wrap-2122 .aio-icon-title'  data-responsive-json-new='{\"font-size\":\"\",\"line-height\":\"\"}'  style=\"\">Deburring and oxide removal<\/h2><\/div> <!-- header --><div class=\"aio-icon-description ult-responsive\"  data-ultimate-target='#Info-box-wrap-2122 .aio-icon-description'  data-responsive-json-new='{\"font-size\":\"\",\"line-height\":\"\"}'  style=\"\">Deburring, edge-rounding and oxide removal up to a thickness of 20mm and a width of 1500mm.<\/div> <!-- description --><\/div> <!-- aio-icon-box --><\/div> <!-- aio-icon-component -->[\/vc_column][\/vc_row][vc_row full_width=&#8221;stretch_row&#8221; content_placement=&#8221;middle&#8221; bg_type=&#8221;bg_color&#8221; el_id=&#8221;stroje&#8221; bg_color_value=&#8221;#ff9933&#8243;][vc_column]<div id=\"ultimate-heading-805269d7f4c89a7e9\" class=\"uvc-heading ult-adjust-bottom-margin ultimate-heading-805269d7f4c89a7e9 uvc-5292 \" data-hspacer=\"no_spacer\"  data-halign=\"center\" style=\"text-align:center\"><div class=\"uvc-heading-spacer no_spacer\" style=\"top\"><\/div><div class=\"uvc-main-heading ult-responsive\"  data-ultimate-target='.uvc-heading.ultimate-heading-805269d7f4c89a7e9 h2'  data-responsive-json-new='{\"font-size\":\"\",\"line-height\":\"\"}' ><h2 style=\"font-weight:normal;color:#ffffff;\">Professional technology - our machines<\/h2><\/div><\/div>[\/vc_column][\/vc_row][vc_row][vc_column][vc_basic_grid post_type=&#8221;produkt&#8221; max_items=&#8221;6&#8243; element_width=&#8221;2&#8243; gap=&#8221;15&#8243; orderby=&#8221;menu_order&#8221; order=&#8221;ASC&#8221; grid_id=&#8221;vc_gid:1611227087714-627602c00f73c5053ab404c2bd525ebc-6&#8243; taxonomies=&#8221;154&#8243; el_id=&#8221;stroj_VA&#8221;][\/vc_column][\/vc_row][vc_row full_width=&#8221;stretch_row&#8221; content_placement=&#8221;middle&#8221; bg_type=&#8221;bg_color&#8221; bg_color_value=&#8221;#474747&#8243; el_id=&#8221;onas&#8221;][vc_column]<div id=\"ultimate-heading-886669d7f4c89a843\" class=\"uvc-heading ult-adjust-bottom-margin ultimate-heading-886669d7f4c89a843 uvc-816 \" data-hspacer=\"no_spacer\"  data-halign=\"center\" style=\"text-align:center\"><div class=\"uvc-heading-spacer no_spacer\" style=\"top\"><\/div><div class=\"uvc-main-heading ult-responsive\"  data-ultimate-target='.uvc-heading.ultimate-heading-886669d7f4c89a843 h2'  data-responsive-json-new='{\"font-size\":\"\",\"line-height\":\"\"}' ><h2 style=\"font-weight:normal;color:#ffffff;\">Why us?<\/h2><\/div><\/div>[\/vc_column][\/vc_row][vc_row full_width=&#8221;stretch_row&#8221; css=&#8221;.vc_custom_1500538701158{padding-top: 20px !important;padding-bottom: 40px !important;}&#8221;][vc_column width=&#8221;1\/4&#8243;]<div class=\"aio-icon-component  vc_custom_1611227773570   style_1\"><div id=\"Info-box-wrap-7166\" class=\"aio-icon-box top-icon\" style=\"\"  ><div class=\"aio-icon-top\"><div class=\"ult-just-icon-wrapper  \"><div class=\"align-icon\" style=\"text-align:center;\">\n<div class=\"aio-icon none \"  style=\"display:inline-block;\">\n\t<i class=\"Defaults-user-plus\"><\/i>\n<\/div><\/div><\/div><\/div><div class=\"aio-icon-header\" ><h2 class=\"aio-icon-title ult-responsive\"  data-ultimate-target='#Info-box-wrap-7166 .aio-icon-title'  data-responsive-json-new='{\"font-size\":\"\",\"line-height\":\"\"}'  style=\"\">Processing of customer material<\/h2><\/div> <!-- header --><div class=\"aio-icon-description ult-responsive\"  data-ultimate-target='#Info-box-wrap-7166 .aio-icon-description'  data-responsive-json-new='{\"font-size\":\"\",\"line-height\":\"\"}'  style=\"\">As our customer you can deliver your own materials to be processed or you can use our supplies.<\/div> <!-- description --><\/div> <!-- aio-icon-box --><\/div> <!-- aio-icon-component -->[\/vc_column][vc_column width=&#8221;1\/4&#8243;]<div class=\"aio-icon-component  vc_custom_1611227821971   style_1\"><div id=\"Info-box-wrap-7529\" class=\"aio-icon-box top-icon\" style=\"\"  ><div class=\"aio-icon-top\"><div class=\"ult-just-icon-wrapper  \"><div class=\"align-icon\" style=\"text-align:center;\">\n<div class=\"aio-icon none \"  style=\"display:inline-block;\">\n\t<i class=\"Defaults-user-plus\"><\/i>\n<\/div><\/div><\/div><\/div><div class=\"aio-icon-header\" ><h2 class=\"aio-icon-title ult-responsive\"  data-ultimate-target='#Info-box-wrap-7529 .aio-icon-title'  data-responsive-json-new='{\"font-size\":\"\",\"line-height\":\"\"}'  style=\"\">Comprehensive assortment of abrasives<\/h2><\/div> <!-- header --><div class=\"aio-icon-description ult-responsive\"  data-ultimate-target='#Info-box-wrap-7529 .aio-icon-description'  data-responsive-json-new='{\"font-size\":\"\",\"line-height\":\"\"}'  style=\"\">We offer grinding of sheet metal at a grain size starting from 36 to 1200.<\/div> <!-- description --><\/div> <!-- aio-icon-box --><\/div> <!-- aio-icon-component -->[\/vc_column][vc_column width=&#8221;1\/4&#8243;]<div class=\"aio-icon-component  vc_custom_1611227874119   style_1\"><div id=\"Info-box-wrap-2730\" class=\"aio-icon-box top-icon\" style=\"\"  ><div class=\"aio-icon-top\"><div class=\"ult-just-icon-wrapper  \"><div class=\"align-icon\" style=\"text-align:center;\">\n<div class=\"aio-icon none \"  style=\"display:inline-block;\">\n\t<i class=\"Defaults-user-plus\"><\/i>\n<\/div><\/div><\/div><\/div><div class=\"aio-icon-header\" ><h2 class=\"aio-icon-title ult-responsive\"  data-ultimate-target='#Info-box-wrap-2730 .aio-icon-title'  data-responsive-json-new='{\"font-size\":\"\",\"line-height\":\"\"}'  style=\"\">Wide range of protective films<\/h2><\/div> <!-- header --><div class=\"aio-icon-description ult-responsive\"  data-ultimate-target='#Info-box-wrap-2730 .aio-icon-description'  data-responsive-json-new='{\"font-size\":\"\",\"line-height\":\"\"}'  style=\"\">As our customer you can choose from many kinds of protective films that we hold in a stock non-stop.<\/div> <!-- description --><\/div> <!-- aio-icon-box --><\/div> <!-- aio-icon-component -->[\/vc_column][vc_column width=&#8221;1\/4&#8243;]<div class=\"aio-icon-component  vc_custom_1611227918779   style_1\"><div id=\"Info-box-wrap-1127\" class=\"aio-icon-box top-icon\" style=\"\"  ><div class=\"aio-icon-top\"><div class=\"ult-just-icon-wrapper  \"><div class=\"align-icon\" style=\"text-align:center;\">\n<div class=\"aio-icon none \"  style=\"display:inline-block;\">\n\t<i class=\"Defaults-user-plus\"><\/i>\n<\/div><\/div><\/div><\/div><div class=\"aio-icon-header\" ><h2 class=\"aio-icon-title ult-responsive\"  data-ultimate-target='#Info-box-wrap-1127 .aio-icon-title'  data-responsive-json-new='{\"font-size\":\"\",\"line-height\":\"\"}'  style=\"\">Certified suppliers<\/h2><\/div> <!-- header --><div class=\"aio-icon-description ult-responsive\"  data-ultimate-target='#Info-box-wrap-1127 .aio-icon-description'  data-responsive-json-new='{\"font-size\":\"\",\"line-height\":\"\"}'  style=\"\">We purchase all abrasives and protective films only from certified EU manufacturers.<\/div> <!-- description --><\/div> <!-- aio-icon-box --><\/div> <!-- aio-icon-component -->[\/vc_column][\/vc_row]\n","protected":false},"excerpt":{"rendered":"<p>[vc_row full_width=&#8221;stretch_row&#8221; content_placement=&#8221;middle&#8221; bg_type=&#8221;image&#8221; parallax_style=&#8221;vcpb-default&#8221; bg_image_new=&#8221;id^7230|url^http:\/\/scmetal.cz\/wp-content\/uploads\/sites\/19\/2017\/06\/brouseni-1.jpg|caption^null|alt^null|title^brouseni-1|description^null&#8221; bg_image_repeat=&#8221;no-repeat&#8221; bg_override=&#8221;ex-full&#8221; header_style=&#8221;qodef-light-header&#8221; anchor=&#8221;implementace-reference&#8221; el_id=&#8221;implementace-reference&#8221;][vc_column][vc_row_inner][vc_column_inner el_class=&#8221;blok_hlavicka1&#8243;][vc_empty_space height=&#8221;100&#8243;][vc_custom_heading text=&#8221;Grinding center&#8221; font_container=&#8221;tag:h1|text_align:center|color:%23ffffff&#8221; use_theme_fonts=&#8221;yes&#8221;][vc_custom_heading text=&#8221;Grinding, brushing, circle-polishing, plastering and deburring of sheet metals and metal shapes&#8221; font_container=&#8221;tag:h2|text_align:center|color:%23ffffff&#8221; use_theme_fonts=&#8221;yes&#8221;][vc_empty_space height=&#8221;25&#8243;][\/vc_column_inner][\/vc_row_inner][\/vc_column][\/vc_row][vc_row full_width=&#8221;stretch_row&#8221; el_id=&#8221;vyhody&#8221;][vc_column offset=&#8221;vc_col-lg-3 vc_col-md-6&#8243;][\/vc_column][vc_column offset=&#8221;vc_col-lg-3 vc_col-md-6&#8243;][\/vc_column][vc_column offset=&#8221;vc_col-lg-3 vc_col-md-6&#8243;][\/vc_column][vc_column offset=&#8221;vc_col-lg-3 vc_col-md-6&#8243;][\/vc_column][\/vc_row][vc_row full_width=&#8221;stretch_row&#8221; content_placement=&#8221;middle&#8221; bg_type=&#8221;bg_color&#8221; el_id=&#8221;stroje&#8221; bg_color_value=&#8221;#ff9933&#8243;][vc_column][\/vc_column][\/vc_row][vc_row][vc_column][vc_basic_grid post_type=&#8221;produkt&#8221; max_items=&#8221;6&#8243; element_width=&#8221;2&#8243; gap=&#8221;15&#8243; orderby=&#8221;menu_order&#8221; order=&#8221;ASC&#8221; grid_id=&#8221;vc_gid:1611227087714-627602c00f73c5053ab404c2bd525ebc-6&#8243; taxonomies=&#8221;154&#8243; el_id=&#8221;stroj_VA&#8221;][\/vc_column][\/vc_row][vc_row full_width=&#8221;stretch_row&#8221; content_placement=&#8221;middle&#8221; bg_type=&#8221;bg_color&#8221; bg_color_value=&#8221;#474747&#8243; el_id=&#8221;onas&#8221;][vc_column][\/vc_column][\/vc_row][vc_row full_width=&#8221;stretch_row&#8221; css=&#8221;.vc_custom_1500538701158{padding-top: 20px !important;padding-bottom: 40px !important;}&#8221;][vc_column width=&#8221;1\/4&#8243;][\/vc_column][vc_column width=&#8221;1\/4&#8243;][\/vc_column][vc_column width=&#8221;1\/4&#8243;][\/vc_column][vc_column width=&#8221;1\/4&#8243;][\/vc_column][\/vc_row]<\/p>\n","protected":false},"author":1,"featured_media":0,"parent":0,"menu_order":0,"comment_status":"closed","ping_status":"open","template":"","meta":{"_acf_changed":false,"footnotes":""},"class_list":["post-9020","page","type-page","status-publish","hentry","entry","post-inner"],"acf":[],"yoast_head":"<!-- This site is optimized with the Yoast SEO plugin v27.3 - https:\/\/yoast.com\/product\/yoast-seo-wordpress\/ -->\n<title>Grinding center | scmetal.cz<\/title>\n<meta name=\"description\" content=\"Grinding and brushing of sheets, deburring and removing oxides, ringing (groping) sheets, polishing of sheets with protective foil.\" \/>\n<meta name=\"robots\" content=\"index, nofollow, max-snippet:-1, max-image-preview:large, max-video-preview:-1\" \/>\n<link rel=\"canonical\" href=\"https:\/\/www.scmetal.cz\/grinding-center\/?lang=en\" \/>\n<meta property=\"og:locale\" content=\"en_US\" \/>\n<meta property=\"og:type\" content=\"article\" \/>\n<meta property=\"og:title\" content=\"Grinding center | scmetal.cz\" \/>\n<meta property=\"og:description\" content=\"Grinding and brushing of sheets, deburring and removing oxides, ringing (groping) sheets, polishing of sheets with protective foil.\" \/>\n<meta property=\"og:url\" content=\"https:\/\/www.scmetal.cz\/grinding-center\/?lang=en\" \/>\n<meta property=\"og:site_name\" content=\"scmetal.cz\" \/>\n<meta property=\"article:modified_time\" content=\"2021-04-15T13:02:35+00:00\" \/>\n<meta name=\"twitter:card\" content=\"summary_large_image\" \/>\n<meta name=\"twitter:label1\" content=\"Est. reading time\" \/>\n\t<meta name=\"twitter:data1\" content=\"4 minutes\" \/>\n<script type=\"application\/ld+json\" class=\"yoast-schema-graph\">{\"@context\":\"https:\\\/\\\/schema.org\",\"@graph\":[{\"@type\":\"WebPage\",\"@id\":\"https:\\\/\\\/www.scmetal.cz\\\/grinding-center\\\/?lang=en\",\"url\":\"https:\\\/\\\/www.scmetal.cz\\\/grinding-center\\\/?lang=en\",\"name\":\"Grinding center | scmetal.cz\",\"isPartOf\":{\"@id\":\"https:\\\/\\\/www.scmetal.cz\\\/#website\"},\"datePublished\":\"2019-11-28T16:41:27+00:00\",\"dateModified\":\"2021-04-15T13:02:35+00:00\",\"description\":\"Grinding and brushing of sheets, deburring and removing oxides, ringing (groping) sheets, polishing of sheets with protective foil.\",\"breadcrumb\":{\"@id\":\"https:\\\/\\\/www.scmetal.cz\\\/grinding-center\\\/?lang=en#breadcrumb\"},\"inLanguage\":\"en-US\",\"potentialAction\":[{\"@type\":\"ReadAction\",\"target\":[\"https:\\\/\\\/www.scmetal.cz\\\/grinding-center\\\/?lang=en\"]}]},{\"@type\":\"BreadcrumbList\",\"@id\":\"https:\\\/\\\/www.scmetal.cz\\\/grinding-center\\\/?lang=en#breadcrumb\",\"itemListElement\":[{\"@type\":\"ListItem\",\"position\":1,\"name\":\"Dom\u016f\",\"item\":\"https:\\\/\\\/www.scmetal.cz\\\/?lang=en\"},{\"@type\":\"ListItem\",\"position\":2,\"name\":\"Grinding center\"}]},{\"@type\":\"WebSite\",\"@id\":\"https:\\\/\\\/www.scmetal.cz\\\/#website\",\"url\":\"https:\\\/\\\/www.scmetal.cz\\\/\",\"name\":\"scmetal.cz\",\"description\":\"komplexn\u00ed servis pro stroj\u00edrenstv\u00ed\",\"potentialAction\":[{\"@type\":\"SearchAction\",\"target\":{\"@type\":\"EntryPoint\",\"urlTemplate\":\"https:\\\/\\\/www.scmetal.cz\\\/?s={search_term_string}\"},\"query-input\":{\"@type\":\"PropertyValueSpecification\",\"valueRequired\":true,\"valueName\":\"search_term_string\"}}],\"inLanguage\":\"en-US\"}]}<\/script>\n<!-- \/ Yoast SEO plugin. -->","yoast_head_json":{"title":"Grinding center | scmetal.cz","description":"Grinding and brushing of sheets, deburring and removing oxides, ringing (groping) sheets, polishing of sheets with protective foil.","robots":{"index":"index","follow":"nofollow","max-snippet":"max-snippet:-1","max-image-preview":"max-image-preview:large","max-video-preview":"max-video-preview:-1"},"canonical":"https:\/\/www.scmetal.cz\/grinding-center\/?lang=en","og_locale":"en_US","og_type":"article","og_title":"Grinding center | scmetal.cz","og_description":"Grinding and brushing of sheets, deburring and removing oxides, ringing (groping) sheets, polishing of sheets with protective foil.","og_url":"https:\/\/www.scmetal.cz\/grinding-center\/?lang=en","og_site_name":"scmetal.cz","article_modified_time":"2021-04-15T13:02:35+00:00","twitter_card":"summary_large_image","twitter_misc":{"Est. reading time":"4 minutes"},"schema":{"@context":"https:\/\/schema.org","@graph":[{"@type":"WebPage","@id":"https:\/\/www.scmetal.cz\/grinding-center\/?lang=en","url":"https:\/\/www.scmetal.cz\/grinding-center\/?lang=en","name":"Grinding center | scmetal.cz","isPartOf":{"@id":"https:\/\/www.scmetal.cz\/#website"},"datePublished":"2019-11-28T16:41:27+00:00","dateModified":"2021-04-15T13:02:35+00:00","description":"Grinding and brushing of sheets, deburring and removing oxides, ringing (groping) sheets, polishing of sheets with protective foil.","breadcrumb":{"@id":"https:\/\/www.scmetal.cz\/grinding-center\/?lang=en#breadcrumb"},"inLanguage":"en-US","potentialAction":[{"@type":"ReadAction","target":["https:\/\/www.scmetal.cz\/grinding-center\/?lang=en"]}]},{"@type":"BreadcrumbList","@id":"https:\/\/www.scmetal.cz\/grinding-center\/?lang=en#breadcrumb","itemListElement":[{"@type":"ListItem","position":1,"name":"Dom\u016f","item":"https:\/\/www.scmetal.cz\/?lang=en"},{"@type":"ListItem","position":2,"name":"Grinding center"}]},{"@type":"WebSite","@id":"https:\/\/www.scmetal.cz\/#website","url":"https:\/\/www.scmetal.cz\/","name":"scmetal.cz","description":"komplexn\u00ed servis pro stroj\u00edrenstv\u00ed","potentialAction":[{"@type":"SearchAction","target":{"@type":"EntryPoint","urlTemplate":"https:\/\/www.scmetal.cz\/?s={search_term_string}"},"query-input":{"@type":"PropertyValueSpecification","valueRequired":true,"valueName":"search_term_string"}}],"inLanguage":"en-US"}]}},"_links":{"self":[{"href":"https:\/\/www.scmetal.cz\/en\/wp-json\/wp\/v2\/pages\/9020","targetHints":{"allow":["GET"]}}],"collection":[{"href":"https:\/\/www.scmetal.cz\/en\/wp-json\/wp\/v2\/pages"}],"about":[{"href":"https:\/\/www.scmetal.cz\/en\/wp-json\/wp\/v2\/types\/page"}],"author":[{"embeddable":true,"href":"https:\/\/www.scmetal.cz\/en\/wp-json\/wp\/v2\/users\/1"}],"replies":[{"embeddable":true,"href":"https:\/\/www.scmetal.cz\/en\/wp-json\/wp\/v2\/comments?post=9020"}],"version-history":[{"count":0,"href":"https:\/\/www.scmetal.cz\/en\/wp-json\/wp\/v2\/pages\/9020\/revisions"}],"wp:attachment":[{"href":"https:\/\/www.scmetal.cz\/en\/wp-json\/wp\/v2\/media?parent=9020"}],"curies":[{"name":"wp","href":"https:\/\/api.w.org\/{rel}","templated":true}]}}