{"id":9016,"date":"2019-11-28T17:40:55","date_gmt":"2019-11-28T16:40:55","guid":{"rendered":"https:\/\/cz24.info\/trade\/"},"modified":"2026-04-20T16:56:50","modified_gmt":"2026-04-20T14:56:50","slug":"trade","status":"publish","type":"page","link":"https:\/\/www.scmetal.cz\/en\/trade\/","title":{"rendered":"Shop"},"content":{"rendered":"[vc_row full_width=&#8221;stretch_row&#8221; content_placement=&#8221;middle&#8221; bg_type=&#8221;image&#8221; parallax_style=&#8221;vcpb-default&#8221; bg_image_new=&#8221;id^7230|url^http:\/\/scmetal.cz\/wp-content\/uploads\/sites\/19\/2017\/06\/brouseni-1.jpg|caption^null|alt^null|title^brouseni-1|description^null&#8221; bg_image_repeat=&#8221;no-repeat&#8221; bg_override=&#8221;ex-full&#8221; header_style=&#8221;qodef-light-header&#8221; anchor=&#8221;implementace-reference&#8221; el_id=&#8221;implementace-reference&#8221;][vc_column][vc_row_inner][vc_column_inner el_class=&#8221;blok_hlavicka1&#8243;][vc_empty_space height=&#8221;100&#8243;][vc_custom_heading text=&#8221;Shop&#8221; font_container=&#8221;tag:h1|text_align:center|color:%23ffffff&#8221; use_theme_fonts=&#8221;yes&#8221;][vc_custom_heading text=&#8221;Wide range of metallurgical material and sheet metal&#8221; font_container=&#8221;tag:h2|text_align:center|color:%23ffffff&#8221; use_theme_fonts=&#8221;yes&#8221;][vc_empty_space height=&#8221;25&#8243;][\/vc_column_inner][\/vc_row_inner][\/vc_column][\/vc_row][vc_row full_width=&#8221;stretch_row&#8221; el_id=&#8221;vyhody&#8221;][vc_column width=&#8221;1\/6&#8243;][\/vc_column][vc_column width=&#8221;1\/3&#8243;]<div class=\"aio-icon-component  vc_custom_1502725488471   style_1\"><div id=\"Info-box-wrap-5584\" class=\"aio-icon-box top-icon\" style=\"\"  ><div class=\"aio-icon-top\"><div class=\"ult-just-icon-wrapper  \"><div class=\"align-icon\" style=\"text-align:center;\">\n<div class=\"aio-icon-img \" style=\"font-size:px;display:inline-block;\" >\n\t<img decoding=\"async\" class=\"img-icon\" alt=\"null\" src=\"https:\/\/www.scmetal.cz\/wp-content\/uploads\/2017\/07\/Datov\u00fd-zdroj-14-1-2.png\"\/>\n<\/div><\/div><\/div><\/div><div class=\"aio-icon-header\" ><h2 class=\"aio-icon-title ult-responsive\"  data-ultimate-target='#Info-box-wrap-5584 .aio-icon-title'  data-responsive-json-new='{\"font-size\":\"\",\"line-height\":\"\"}'  style=\"\">Wholesale<\/h2><\/div> <!-- header --><div class=\"aio-icon-description ult-responsive\"  data-ultimate-target='#Info-box-wrap-5584 .aio-icon-description'  data-responsive-json-new='{\"font-size\":\"\",\"line-height\":\"\"}'  style=\"\">Wholesale of metallurgical materials for engineering companies. Supply of steel, stainless steel and aluminium materials. <\/div> <!-- description --><\/div> <!-- aio-icon-box --><\/div> <!-- aio-icon-component -->[\/vc_column][vc_column width=&#8221;1\/3&#8243;]<div class=\"aio-icon-component  vc_custom_1502725503254   style_1\"><div id=\"Info-box-wrap-7672\" class=\"aio-icon-box top-icon\" style=\"\"  ><div class=\"aio-icon-top\"><div class=\"ult-just-icon-wrapper  \"><div class=\"align-icon\" style=\"text-align:center;\">\n<div class=\"aio-icon-img \" style=\"font-size:px;display:inline-block;\" >\n\t<img decoding=\"async\" class=\"img-icon\" alt=\"null\" src=\"https:\/\/www.scmetal.cz\/wp-content\/uploads\/2017\/07\/Datov\u00fd-zdroj-14-1-2.png\"\/>\n<\/div><\/div><\/div><\/div><div class=\"aio-icon-header\" ><h2 class=\"aio-icon-title ult-responsive\"  data-ultimate-target='#Info-box-wrap-7672 .aio-icon-title'  data-responsive-json-new='{\"font-size\":\"\",\"line-height\":\"\"}'  style=\"\">Retail<\/h2><\/div> <!-- header --><div class=\"aio-icon-description ult-responsive\"  data-ultimate-target='#Info-box-wrap-7672 .aio-icon-description'  data-responsive-json-new='{\"font-size\":\"\",\"line-height\":\"\"}'  style=\"\">Retail sales of metallurgical materials to end customers. Steel, stainless steel and aluminium materials.<\/div> <!-- description --><\/div> <!-- aio-icon-box --><\/div> <!-- aio-icon-component -->[\/vc_column][vc_column width=&#8221;1\/6&#8243;][\/vc_column][\/vc_row][vc_row full_width=&#8221;stretch_row&#8221; content_placement=&#8221;middle&#8221; bg_type=&#8221;bg_color&#8221; bg_color_value=&#8221;#474747&#8243; el_id=&#8221;onas&#8221;][vc_column]<div id=\"ultimate-heading-44769e7345d5382e\" class=\"uvc-heading ult-adjust-bottom-margin ultimate-heading-44769e7345d5382e uvc-9631 \" data-hspacer=\"no_spacer\"  data-halign=\"center\" style=\"text-align:center\"><div class=\"uvc-heading-spacer no_spacer\" style=\"top\"><\/div><div class=\"uvc-main-heading ult-responsive\"  data-ultimate-target='.uvc-heading.ultimate-heading-44769e7345d5382e h2'  data-responsive-json-new='{\"font-size\":\"\",\"line-height\":\"\"}' ><h2 style=\"font-weight:normal;color:#ffffff;\">Why us?<\/h2><\/div><\/div>[\/vc_column][\/vc_row][vc_row full_width=&#8221;stretch_row&#8221; css=&#8221;.vc_custom_1500543029270{padding-top: 20px !important;padding-bottom: 40px !important;}&#8221;][vc_column width=&#8221;1\/3&#8243;]<div class=\"aio-icon-component  vc_custom_1502728006480   style_1\"><div id=\"Info-box-wrap-9924\" class=\"aio-icon-box top-icon\" style=\"\"  ><div class=\"aio-icon-top\"><div class=\"ult-just-icon-wrapper  \"><div class=\"align-icon\" style=\"text-align:center;\">\n<div class=\"aio-icon none \"  style=\"display:inline-block;\">\n\t<i class=\"Defaults-user-plus\"><\/i>\n<\/div><\/div><\/div><\/div><div class=\"aio-icon-header\" ><h2 class=\"aio-icon-title ult-responsive\"  data-ultimate-target='#Info-box-wrap-9924 .aio-icon-title'  data-responsive-json-new='{\"font-size\":\"\",\"line-height\":\"\"}'  style=\"\">Large inventories<\/h2><\/div> <!-- header --><div class=\"aio-icon-description ult-responsive\"  data-ultimate-target='#Info-box-wrap-9924 .aio-icon-description'  data-responsive-json-new='{\"font-size\":\"\",\"line-height\":\"\"}'  style=\"\">We hold over 3000tons of material in stock which is immediately available. After agreement we will deliver your order anywhere in the Czech Republic.<\/div> <!-- description --><\/div> <!-- aio-icon-box --><\/div> <!-- aio-icon-component -->[\/vc_column][vc_column width=&#8221;1\/3&#8243;]<div class=\"aio-icon-component  vc_custom_1502728020788   style_1\"><div id=\"Info-box-wrap-8358\" class=\"aio-icon-box top-icon\" style=\"\"  ><div class=\"aio-icon-top\"><div class=\"ult-just-icon-wrapper  \"><div class=\"align-icon\" style=\"text-align:center;\">\n<div class=\"aio-icon none \"  style=\"display:inline-block;\">\n\t<i class=\"Defaults-user-plus\"><\/i>\n<\/div><\/div><\/div><\/div><div class=\"aio-icon-header\" ><h2 class=\"aio-icon-title ult-responsive\"  data-ultimate-target='#Info-box-wrap-8358 .aio-icon-title'  data-responsive-json-new='{\"font-size\":\"\",\"line-height\":\"\"}'  style=\"\">Origin of goods<\/h2><\/div> <!-- header --><div class=\"aio-icon-description ult-responsive\"  data-ultimate-target='#Info-box-wrap-8358 .aio-icon-description'  data-responsive-json-new='{\"font-size\":\"\",\"line-height\":\"\"}'  style=\"\">We purchase metallurgical materials exclusively from European and Asian certified manufacturers.<\/div> <!-- description --><\/div> <!-- aio-icon-box --><\/div> <!-- aio-icon-component -->[\/vc_column][vc_column width=&#8221;1\/3&#8243;]<div class=\"aio-icon-component  vc_custom_1502728031250   style_1\"><div id=\"Info-box-wrap-9841\" class=\"aio-icon-box top-icon\" style=\"\"  ><div class=\"aio-icon-top\"><div class=\"ult-just-icon-wrapper  \"><div class=\"align-icon\" style=\"text-align:center;\">\n<div class=\"aio-icon none \"  style=\"display:inline-block;\">\n\t<i class=\"Defaults-user-plus\"><\/i>\n<\/div><\/div><\/div><\/div><div class=\"aio-icon-header\" ><h2 class=\"aio-icon-title ult-responsive\"  data-ultimate-target='#Info-box-wrap-9841 .aio-icon-title'  data-responsive-json-new='{\"font-size\":\"\",\"line-height\":\"\"}'  style=\"\">CSR<\/h2><\/div> <!-- header --><div class=\"aio-icon-description ult-responsive\"  data-ultimate-target='#Info-box-wrap-9841 .aio-icon-description'  data-responsive-json-new='{\"font-size\":\"\",\"line-height\":\"\"}'  style=\"\">We voluntarily adhere to the principles of sustainable development and corporate social responsibility.<\/div> <!-- description --><\/div> <!-- aio-icon-box --><\/div> <!-- aio-icon-component -->[\/vc_column][\/vc_row]\n","protected":false},"excerpt":{"rendered":"<p>[vc_row full_width=&#8221;stretch_row&#8221; content_placement=&#8221;middle&#8221; bg_type=&#8221;image&#8221; parallax_style=&#8221;vcpb-default&#8221; bg_image_new=&#8221;id^7230|url^http:\/\/scmetal.cz\/wp-content\/uploads\/sites\/19\/2017\/06\/brouseni-1.jpg|caption^null|alt^null|title^brouseni-1|description^null&#8221; bg_image_repeat=&#8221;no-repeat&#8221; bg_override=&#8221;ex-full&#8221; header_style=&#8221;qodef-light-header&#8221; anchor=&#8221;implementace-reference&#8221; el_id=&#8221;implementace-reference&#8221;][vc_column][vc_row_inner][vc_column_inner el_class=&#8221;blok_hlavicka1&#8243;][vc_empty_space height=&#8221;100&#8243;][vc_custom_heading text=&#8221;Shop&#8221; font_container=&#8221;tag:h1|text_align:center|color:%23ffffff&#8221; use_theme_fonts=&#8221;yes&#8221;][vc_custom_heading text=&#8221;Wide range of metallurgical material and sheet metal&#8221; font_container=&#8221;tag:h2|text_align:center|color:%23ffffff&#8221; use_theme_fonts=&#8221;yes&#8221;][vc_empty_space height=&#8221;25&#8243;][\/vc_column_inner][\/vc_row_inner][\/vc_column][\/vc_row][vc_row full_width=&#8221;stretch_row&#8221; el_id=&#8221;vyhody&#8221;][vc_column width=&#8221;1\/6&#8243;][\/vc_column][vc_column width=&#8221;1\/3&#8243;][\/vc_column][vc_column width=&#8221;1\/3&#8243;][\/vc_column][vc_column width=&#8221;1\/6&#8243;][\/vc_column][\/vc_row][vc_row full_width=&#8221;stretch_row&#8221; content_placement=&#8221;middle&#8221; bg_type=&#8221;bg_color&#8221; bg_color_value=&#8221;#474747&#8243; el_id=&#8221;onas&#8221;][vc_column][\/vc_column][\/vc_row][vc_row full_width=&#8221;stretch_row&#8221; css=&#8221;.vc_custom_1500543029270{padding-top: 20px !important;padding-bottom: 40px !important;}&#8221;][vc_column width=&#8221;1\/3&#8243;][\/vc_column][vc_column width=&#8221;1\/3&#8243;][\/vc_column][vc_column width=&#8221;1\/3&#8243;][\/vc_column][\/vc_row]<\/p>\n","protected":false},"author":1,"featured_media":0,"parent":0,"menu_order":0,"comment_status":"closed","ping_status":"closed","template":"","meta":{"_acf_changed":false,"footnotes":""},"class_list":["post-9016","page","type-page","status-publish","hentry","entry","post-inner"],"acf":[],"yoast_head":"<!-- This site is optimized with the Yoast SEO plugin v27.3 - https:\/\/yoast.com\/product\/yoast-seo-wordpress\/ -->\n<title>Shop | scmetal.cz<\/title>\n<meta name=\"description\" content=\"Wholesale and retail of metallurgical materials. Stainless steel, sheet, plate, bar material, profiles. All in stock. Delivery of orders anywhere in the Czech Republic.\" \/>\n<meta name=\"robots\" content=\"index, nofollow, max-snippet:-1, max-image-preview:large, max-video-preview:-1\" \/>\n<link rel=\"canonical\" href=\"https:\/\/www.scmetal.cz\/en\/trade\/\" \/>\n<meta property=\"og:locale\" content=\"en_US\" \/>\n<meta property=\"og:type\" content=\"article\" \/>\n<meta property=\"og:title\" content=\"Shop | scmetal.cz\" \/>\n<meta property=\"og:description\" content=\"Wholesale and retail of metallurgical materials. Stainless steel, sheet, plate, bar material, profiles. All in stock. Delivery of orders anywhere in the Czech Republic.\" \/>\n<meta property=\"og:url\" content=\"https:\/\/www.scmetal.cz\/en\/trade\/\" \/>\n<meta property=\"og:site_name\" content=\"scmetal.cz\" \/>\n<meta property=\"article:modified_time\" content=\"2026-04-20T14:56:50+00:00\" \/>\n<meta name=\"twitter:card\" content=\"summary_large_image\" \/>\n<meta name=\"twitter:label1\" content=\"Est. reading time\" \/>\n\t<meta name=\"twitter:data1\" content=\"2 minutes\" \/>\n<script type=\"application\/ld+json\" class=\"yoast-schema-graph\">{\"@context\":\"https:\\\/\\\/schema.org\",\"@graph\":[{\"@type\":\"WebPage\",\"@id\":\"https:\\\/\\\/www.scmetal.cz\\\/en\\\/trade\\\/\",\"url\":\"https:\\\/\\\/www.scmetal.cz\\\/en\\\/trade\\\/\",\"name\":\"Shop | scmetal.cz\",\"isPartOf\":{\"@id\":\"https:\\\/\\\/www.scmetal.cz\\\/#website\"},\"datePublished\":\"2019-11-28T16:40:55+00:00\",\"dateModified\":\"2026-04-20T14:56:50+00:00\",\"description\":\"Wholesale and retail of metallurgical materials. Stainless steel, sheet, plate, bar material, profiles. All in stock. Delivery of orders anywhere in the Czech Republic.\",\"breadcrumb\":{\"@id\":\"https:\\\/\\\/www.scmetal.cz\\\/en\\\/trade\\\/#breadcrumb\"},\"inLanguage\":\"en-US\",\"potentialAction\":[{\"@type\":\"ReadAction\",\"target\":[\"https:\\\/\\\/www.scmetal.cz\\\/en\\\/trade\\\/\"]}]},{\"@type\":\"BreadcrumbList\",\"@id\":\"https:\\\/\\\/www.scmetal.cz\\\/en\\\/trade\\\/#breadcrumb\",\"itemListElement\":[{\"@type\":\"ListItem\",\"position\":1,\"name\":\"Dom\u016f\",\"item\":\"https:\\\/\\\/www.scmetal.cz\\\/?lang=en\"},{\"@type\":\"ListItem\",\"position\":2,\"name\":\"Shop\"}]},{\"@type\":\"WebSite\",\"@id\":\"https:\\\/\\\/www.scmetal.cz\\\/#website\",\"url\":\"https:\\\/\\\/www.scmetal.cz\\\/\",\"name\":\"scmetal.cz\",\"description\":\"komplexn\u00ed servis pro stroj\u00edrenstv\u00ed\",\"potentialAction\":[{\"@type\":\"SearchAction\",\"target\":{\"@type\":\"EntryPoint\",\"urlTemplate\":\"https:\\\/\\\/www.scmetal.cz\\\/?s={search_term_string}\"},\"query-input\":{\"@type\":\"PropertyValueSpecification\",\"valueRequired\":true,\"valueName\":\"search_term_string\"}}],\"inLanguage\":\"en-US\"}]}<\/script>\n<!-- \/ Yoast SEO plugin. -->","yoast_head_json":{"title":"Shop | scmetal.cz","description":"Wholesale and retail of metallurgical materials. Stainless steel, sheet, plate, bar material, profiles. All in stock. Delivery of orders anywhere in the Czech Republic.","robots":{"index":"index","follow":"nofollow","max-snippet":"max-snippet:-1","max-image-preview":"max-image-preview:large","max-video-preview":"max-video-preview:-1"},"canonical":"https:\/\/www.scmetal.cz\/en\/trade\/","og_locale":"en_US","og_type":"article","og_title":"Shop | scmetal.cz","og_description":"Wholesale and retail of metallurgical materials. Stainless steel, sheet, plate, bar material, profiles. All in stock. Delivery of orders anywhere in the Czech Republic.","og_url":"https:\/\/www.scmetal.cz\/en\/trade\/","og_site_name":"scmetal.cz","article_modified_time":"2026-04-20T14:56:50+00:00","twitter_card":"summary_large_image","twitter_misc":{"Est. reading time":"2 minutes"},"schema":{"@context":"https:\/\/schema.org","@graph":[{"@type":"WebPage","@id":"https:\/\/www.scmetal.cz\/en\/trade\/","url":"https:\/\/www.scmetal.cz\/en\/trade\/","name":"Shop | scmetal.cz","isPartOf":{"@id":"https:\/\/www.scmetal.cz\/#website"},"datePublished":"2019-11-28T16:40:55+00:00","dateModified":"2026-04-20T14:56:50+00:00","description":"Wholesale and retail of metallurgical materials. Stainless steel, sheet, plate, bar material, profiles. All in stock. Delivery of orders anywhere in the Czech Republic.","breadcrumb":{"@id":"https:\/\/www.scmetal.cz\/en\/trade\/#breadcrumb"},"inLanguage":"en-US","potentialAction":[{"@type":"ReadAction","target":["https:\/\/www.scmetal.cz\/en\/trade\/"]}]},{"@type":"BreadcrumbList","@id":"https:\/\/www.scmetal.cz\/en\/trade\/#breadcrumb","itemListElement":[{"@type":"ListItem","position":1,"name":"Dom\u016f","item":"https:\/\/www.scmetal.cz\/?lang=en"},{"@type":"ListItem","position":2,"name":"Shop"}]},{"@type":"WebSite","@id":"https:\/\/www.scmetal.cz\/#website","url":"https:\/\/www.scmetal.cz\/","name":"scmetal.cz","description":"komplexn\u00ed servis pro stroj\u00edrenstv\u00ed","potentialAction":[{"@type":"SearchAction","target":{"@type":"EntryPoint","urlTemplate":"https:\/\/www.scmetal.cz\/?s={search_term_string}"},"query-input":{"@type":"PropertyValueSpecification","valueRequired":true,"valueName":"search_term_string"}}],"inLanguage":"en-US"}]}},"_links":{"self":[{"href":"https:\/\/www.scmetal.cz\/en\/wp-json\/wp\/v2\/pages\/9016","targetHints":{"allow":["GET"]}}],"collection":[{"href":"https:\/\/www.scmetal.cz\/en\/wp-json\/wp\/v2\/pages"}],"about":[{"href":"https:\/\/www.scmetal.cz\/en\/wp-json\/wp\/v2\/types\/page"}],"author":[{"embeddable":true,"href":"https:\/\/www.scmetal.cz\/en\/wp-json\/wp\/v2\/users\/1"}],"replies":[{"embeddable":true,"href":"https:\/\/www.scmetal.cz\/en\/wp-json\/wp\/v2\/comments?post=9016"}],"version-history":[{"count":1,"href":"https:\/\/www.scmetal.cz\/en\/wp-json\/wp\/v2\/pages\/9016\/revisions"}],"predecessor-version":[{"id":10686,"href":"https:\/\/www.scmetal.cz\/en\/wp-json\/wp\/v2\/pages\/9016\/revisions\/10686"}],"wp:attachment":[{"href":"https:\/\/www.scmetal.cz\/en\/wp-json\/wp\/v2\/media?parent=9016"}],"curies":[{"name":"wp","href":"https:\/\/api.w.org\/{rel}","templated":true}]}}