{"id":8997,"date":"2017-06-26T21:03:12","date_gmt":"2017-06-26T19:03:12","guid":{"rendered":"https:\/\/cz24.info\/o-nas\/"},"modified":"2025-06-17T12:14:25","modified_gmt":"2025-06-17T10:14:25","slug":"o-nas","status":"publish","type":"page","link":"https:\/\/www.scmetal.cz\/en\/o-nas\/","title":{"rendered":"About Us"},"content":{"rendered":"[vc_row full_width=&#8221;stretch_row_content&#8221; bg_type=&#8221;image&#8221; parallax_style=&#8221;vcpb-default&#8221; bg_image_new=&#8221;id^7494|url^http:\/\/scmetal.cz\/wp-content\/uploads\/sites\/19\/2017\/06\/demo-cb1-1.jpg|caption^null|alt^null|title^demo-cb1|description^null&#8221; bg_image_repeat=&#8221;no-repeat&#8221; bg_img_attach=&#8221;fixed&#8221; bg_override=&#8221;ex-full&#8221; header_style=&#8221;qodef-light-header&#8221; anchor=&#8221;implementace-reference&#8221; el_id=&#8221;implementace-reference&#8221;][vc_column][vc_row_inner][vc_column_inner el_class=&#8221;blok_hlavicka1&#8243;][vc_empty_space height=&#8221;120&#8243;][vc_custom_heading text=&#8221;About Us&#8221; font_container=&#8221;tag:h1|text_align:center|color:%23ffffff&#8221; use_theme_fonts=&#8221;yes&#8221;][vc_empty_space height=&#8221;25&#8243;][\/vc_column_inner][\/vc_row_inner][\/vc_column][\/vc_row][vc_row][vc_column][vc_row_inner][vc_column_inner width=&#8221;2\/3&#8243;][vc_column_text]SC Metal, s.r.o. was founded in 2004. Today it employs about 160 employees. It is one of the major companies in the Czech Republic providing comprehensive services in steel processing, from coil to finished product.<\/p>\n<p>For our production we use the most modern technologies in two production plants in P\u0159ibyslav and T\u00e1bor. We are holders of ISO 9001:2015 and 14001:2015 certificates.<\/p>\n<p>Our family-owned company is characterized by high quality, flexible custom production and reliability in serial production. We have a large warehouse with our own metallurgical material with a capacity of up to 3.5 thousand tons.<\/p>\n<p>SC Metal has its own fleet of vehicles, which offers a high degree of flexibility. We will be happy to deliver your orders at the time of your choice to the place of your choice.<\/p>\n<p>Our satisfied customers include companies from the food industry, air conditioning, construction, healthcare and last but not least the automotive industry.[\/vc_column_text][\/vc_column_inner][vc_column_inner width=&#8221;1\/3&#8243;][vc_single_image image=&#8221;7496&#8243; img_size=&#8221;medium&#8221; onclick=&#8221;custom_link&#8221; link=&#8221;#ulp-VaxqPcYMjzb57eEi&#8221;][\/vc_column_inner][\/vc_row_inner][\/vc_column][\/vc_row][vc_row][vc_column][vc_row_inner][vc_column_inner width=&#8221;1\/6&#8243;][vc_single_image image=&#8221;10629&#8243; alignment=&#8221;center&#8221; onclick=&#8221;link_image&#8221; css_animation=&#8221;appear&#8221;][\/vc_column_inner][vc_column_inner width=&#8221;1\/6&#8243;][vc_single_image image=&#8221;10631&#8243; alignment=&#8221;center&#8221; onclick=&#8221;link_image&#8221; css_animation=&#8221;appear&#8221;][\/vc_column_inner][vc_column_inner width=&#8221;1\/6&#8243;][vc_single_image image=&#8221;10626&#8243; alignment=&#8221;center&#8221; onclick=&#8221;link_image&#8221; css_animation=&#8221;appear&#8221;][\/vc_column_inner][vc_column_inner width=&#8221;1\/6&#8243;][vc_single_image image=&#8221;8867&#8243; onclick=&#8221;link_image&#8221; css_animation=&#8221;appear&#8221;][\/vc_column_inner][vc_column_inner width=&#8221;1\/6&#8243;][vc_single_image image=&#8221;10616&#8243; onclick=&#8221;link_image&#8221; css_animation=&#8221;appear&#8221;][\/vc_column_inner][\/vc_row_inner][\/vc_column][\/vc_row][vc_row][vc_column][vc_column_text]\n<h2><strong>We sponsor<\/strong><\/h2>\n[\/vc_column_text][vc_row_inner][vc_column_inner width=&#8221;2\/3&#8243;][vc_column_text]In June 2021, SC Metal started a partnership with the Czech Mountaineering Association (\u010cesk\u00fd horolezeck\u00fd svaz &#8211; \u010cHS) and decided to support a series of competitions of the International Czech Republic Bouldering Championships. The main goal was to support this young sport, which is experiencing a great rise not only on the European stage but also on the world stage. One of the main successes is Adam Ondra&#8217;s participation in the Tokyo Olympics.<\/p>\n<p>At the same time, SC Metal wants to support the development of this beautiful and versatile sport among children and youth, as the \u010cHS also has a large children&#8217;s section under its wings across the entire Czech Republic<\/p>\n<p>We keep our fingers crossed and wish all climbers many peaks to reach.[\/vc_column_text][\/vc_column_inner][vc_column_inner width=&#8221;1\/3&#8243;][vc_single_image image=&#8221;10242&#8243; img_size=&#8221;medium&#8221;][\/vc_column_inner][\/vc_row_inner][vc_row_inner][vc_column_inner width=&#8221;2\/3&#8243;][vc_column_text]\n<h3><strong>Cycling Academy T\u00e1bor<\/strong><\/h3>\n<p>At the beginning of the year 2016, SC Metal decided to support the young talents of the cycling world and became the main sponsor of the newly created cycling team \u2013 Cycling Academy T\u00e1bor.<\/p>\n<p>We wish young talented riders many sporting achievements and especially health.[\/vc_column_text][\/vc_column_inner][vc_column_inner width=&#8221;1\/3&#8243;][vc_single_image image=&#8221;7491&#8243; img_size=&#8221;medium&#8221;][\/vc_column_inner][\/vc_row_inner][\/vc_column][\/vc_row][vc_row][vc_column width=&#8221;2\/3&#8243;][vc_column_text]\n<h3>Marek Pochtiol<\/h3>\n<p>Our company supports the Trial \u017di\u017ekovo Pole rider Marek Pochtiol, one of the greatest talents of Czech biketrial. Since 2010, he has been a permanent member of the national biketrial team. He is a seven-time Czech champion in all age categories in which he competed. He is also the holder of the title of vice-champion of Europe 2016 from Sardinia and in 2017 he became world champion in the competition of nations in Denmark. In 2017, he competed in the ELITE category of the World Cup and gained experience, even though he is a junior.<\/p>\n<p><a href=\"https:\/\/www.zizkovopole.cz\/trial-klub\/\">https:\/\/www.zizkovopole.cz\/trial-klub<\/a>[\/vc_column_text][\/vc_column][vc_column width=&#8221;1\/3&#8243;][vc_single_image image=&#8221;8606&#8243; img_size=&#8221;medium&#8221;][\/vc_column][\/vc_row][vc_row][vc_column width=&#8221;2\/3&#8243;][vc_column_text]\n<h3>Z\u0160 P\u0159ibyslav<\/h3>\n<p>SC Metal began supporting foreign language teaching at the P\u0159ibyslav primary school in 2015. Thanks to this support, in the fall of 2017, students who successfully passed the Cambridge English &#8211; YLE Flyers exam can travel to a week-long foreign language course abroad, specifically a week-long English language course in Malta.[\/vc_column_text][\/vc_column][\/vc_row]\n","protected":false},"excerpt":{"rendered":"<p>[vc_row full_width=&#8221;stretch_row_content&#8221; bg_type=&#8221;image&#8221; parallax_style=&#8221;vcpb-default&#8221; bg_image_new=&#8221;id^7494|url^http:\/\/scmetal.cz\/wp-content\/uploads\/sites\/19\/2017\/06\/demo-cb1-1.jpg|caption^null|alt^null|title^demo-cb1|description^null&#8221; bg_image_repeat=&#8221;no-repeat&#8221; bg_img_attach=&#8221;fixed&#8221; bg_override=&#8221;ex-full&#8221; header_style=&#8221;qodef-light-header&#8221; anchor=&#8221;implementace-reference&#8221; el_id=&#8221;implementace-reference&#8221;][vc_column][vc_row_inner][vc_column_inner el_class=&#8221;blok_hlavicka1&#8243;][vc_empty_space height=&#8221;120&#8243;][vc_custom_heading text=&#8221;About Us&#8221; font_container=&#8221;tag:h1|text_align:center|color:%23ffffff&#8221; use_theme_fonts=&#8221;yes&#8221;][vc_empty_space height=&#8221;25&#8243;][\/vc_column_inner][\/vc_row_inner][\/vc_column][\/vc_row][vc_row][vc_column][vc_row_inner][vc_column_inner width=&#8221;2\/3&#8243;][vc_column_text]SC Metal, s.r.o. was founded in 2004. Today it employs about 160 employees. It is one of the major companies in the Czech Republic providing comprehensive services in steel processing, from coil to finished product. For our production we use the most modern technologies in two production plants in P\u0159ibyslav and T\u00e1bor. We are holders of ISO 9001:2015 and 14001:2015 certificates. Our family-owned company is characterized by high quality, flexible custom production and reliability in serial production. We have a large warehouse with our own metallurgical material with a capacity of up to 3.5 thousand tons. SC Metal has its own fleet of vehicles, which offers a high degree of flexibility. We will be happy to deliver your orders at the time of your choice to the place of your choice. Our satisfied customers include companies from the food industry, air conditioning, construction, healthcare and last but not least the automotive industry.[\/vc_column_text][\/vc_column_inner][vc_column_inner width=&#8221;1\/3&#8243;][vc_single_image image=&#8221;7496&#8243; img_size=&#8221;medium&#8221; onclick=&#8221;custom_link&#8221; link=&#8221;#ulp-VaxqPcYMjzb57eEi&#8221;][\/vc_column_inner][\/vc_row_inner][\/vc_column][\/vc_row][vc_row][vc_column][vc_row_inner][vc_column_inner width=&#8221;1\/6&#8243;][vc_single_image image=&#8221;10629&#8243; alignment=&#8221;center&#8221; onclick=&#8221;link_image&#8221; css_animation=&#8221;appear&#8221;][\/vc_column_inner][vc_column_inner width=&#8221;1\/6&#8243;][vc_single_image image=&#8221;10631&#8243; alignment=&#8221;center&#8221; onclick=&#8221;link_image&#8221; css_animation=&#8221;appear&#8221;][\/vc_column_inner][vc_column_inner width=&#8221;1\/6&#8243;][vc_single_image image=&#8221;10626&#8243; alignment=&#8221;center&#8221; onclick=&#8221;link_image&#8221; css_animation=&#8221;appear&#8221;][\/vc_column_inner][vc_column_inner width=&#8221;1\/6&#8243;][vc_single_image image=&#8221;8867&#8243; onclick=&#8221;link_image&#8221; css_animation=&#8221;appear&#8221;][\/vc_column_inner][vc_column_inner width=&#8221;1\/6&#8243;][vc_single_image image=&#8221;10616&#8243; onclick=&#8221;link_image&#8221; css_animation=&#8221;appear&#8221;][\/vc_column_inner][\/vc_row_inner][\/vc_column][\/vc_row][vc_row][vc_column][vc_column_text] We sponsor [\/vc_column_text][vc_row_inner][vc_column_inner width=&#8221;2\/3&#8243;][vc_column_text]In June 2021, SC Metal started a partnership with the Czech Mountaineering Association (\u010cesk\u00fd horolezeck\u00fd svaz &#8211; \u010cHS) and decided to support a series of competitions of the International Czech Republic Bouldering Championships. The main goal was to support this young sport, which is experiencing a great rise not only on the European stage but also on the world stage. One of the main successes is Adam Ondra&#8217;s participation in the Tokyo Olympics. At the same time, SC Metal wants to support the development of this beautiful and versatile sport among children and youth, as the \u010cHS also has a large children&#8217;s section under its wings across the entire Czech Republic We keep our fingers crossed and wish all climbers many peaks to reach.[\/vc_column_text][\/vc_column_inner][vc_column_inner width=&#8221;1\/3&#8243;][vc_single_image image=&#8221;10242&#8243; img_size=&#8221;medium&#8221;][\/vc_column_inner][\/vc_row_inner][vc_row_inner][vc_column_inner width=&#8221;2\/3&#8243;][vc_column_text] Cycling Academy T\u00e1bor At the beginning of the year 2016, SC Metal decided to support the young talents of the cycling world and became the main sponsor of the newly created cycling team \u2013 Cycling Academy T\u00e1bor. We wish young talented riders many sporting achievements and especially health.[\/vc_column_text][\/vc_column_inner][vc_column_inner width=&#8221;1\/3&#8243;][vc_single_image image=&#8221;7491&#8243; img_size=&#8221;medium&#8221;][\/vc_column_inner][\/vc_row_inner][\/vc_column][\/vc_row][vc_row][vc_column width=&#8221;2\/3&#8243;][vc_column_text] Marek Pochtiol Our company supports the Trial \u017di\u017ekovo Pole rider Marek Pochtiol, one of the greatest talents of Czech biketrial. Since 2010, he has been a permanent member of the national biketrial team. He is a seven-time Czech champion in all age categories in which he competed. He is also the holder of the title of vice-champion of Europe 2016 from Sardinia and in 2017 he became world champion in the competition of nations in Denmark. In 2017, he competed in the ELITE category of the World Cup and gained experience, even though he is a junior. https:\/\/www.zizkovopole.cz\/trial-klub[\/vc_column_text][\/vc_column][vc_column width=&#8221;1\/3&#8243;][vc_single_image image=&#8221;8606&#8243; img_size=&#8221;medium&#8221;][\/vc_column][\/vc_row][vc_row][vc_column width=&#8221;2\/3&#8243;][vc_column_text] Z\u0160 P\u0159ibyslav SC Metal began supporting foreign language teaching at the P\u0159ibyslav primary school in 2015. Thanks to this support, in the fall of 2017, students who successfully passed the Cambridge English &#8211; YLE Flyers exam can travel to a week-long foreign language course abroad, specifically a week-long English language course in Malta.[\/vc_column_text][\/vc_column][\/vc_row]<\/p>\n","protected":false},"author":1,"featured_media":0,"parent":0,"menu_order":0,"comment_status":"closed","ping_status":"closed","template":"","meta":{"_acf_changed":false,"footnotes":""},"class_list":["post-8997","page","type-page","status-publish","hentry","entry","post-inner"],"acf":[],"yoast_head":"<!-- This site is optimized with the Yoast SEO plugin v27.3 - https:\/\/yoast.com\/product\/yoast-seo-wordpress\/ -->\n<title>About Us | scmetal.cz<\/title>\n<meta name=\"description\" content=\"Metallurgic materials and engineering since 2004. More than 80 employees in two production plants. State of the art technology and own road transport.\" \/>\n<meta name=\"robots\" content=\"index, follow, max-snippet:-1, max-image-preview:large, max-video-preview:-1\" \/>\n<link rel=\"canonical\" href=\"https:\/\/www.scmetal.cz\/en\/o-nas\/\" \/>\n<meta property=\"og:locale\" content=\"en_US\" \/>\n<meta property=\"og:type\" content=\"article\" \/>\n<meta property=\"og:title\" content=\"About Us | scmetal.cz\" \/>\n<meta property=\"og:description\" content=\"Metallurgic materials and engineering since 2004. More than 80 employees in two production plants. State of the art technology and own road transport.\" \/>\n<meta property=\"og:url\" content=\"https:\/\/www.scmetal.cz\/en\/o-nas\/\" \/>\n<meta property=\"og:site_name\" content=\"scmetal.cz\" \/>\n<meta property=\"article:modified_time\" content=\"2025-06-17T10:14:25+00:00\" \/>\n<meta name=\"twitter:card\" content=\"summary_large_image\" \/>\n<meta name=\"twitter:label1\" content=\"Est. reading time\" \/>\n\t<meta name=\"twitter:data1\" content=\"5 minutes\" \/>\n<script type=\"application\/ld+json\" class=\"yoast-schema-graph\">{\"@context\":\"https:\\\/\\\/schema.org\",\"@graph\":[{\"@type\":\"WebPage\",\"@id\":\"https:\\\/\\\/www.scmetal.cz\\\/en\\\/o-nas\\\/\",\"url\":\"https:\\\/\\\/www.scmetal.cz\\\/en\\\/o-nas\\\/\",\"name\":\"About Us | scmetal.cz\",\"isPartOf\":{\"@id\":\"https:\\\/\\\/www.scmetal.cz\\\/#website\"},\"datePublished\":\"2017-06-26T19:03:12+00:00\",\"dateModified\":\"2025-06-17T10:14:25+00:00\",\"description\":\"Metallurgic materials and engineering since 2004. More than 80 employees in two production plants. State of the art technology and own road transport.\",\"breadcrumb\":{\"@id\":\"https:\\\/\\\/www.scmetal.cz\\\/en\\\/o-nas\\\/#breadcrumb\"},\"inLanguage\":\"en-US\",\"potentialAction\":[{\"@type\":\"ReadAction\",\"target\":[\"https:\\\/\\\/www.scmetal.cz\\\/en\\\/o-nas\\\/\"]}]},{\"@type\":\"BreadcrumbList\",\"@id\":\"https:\\\/\\\/www.scmetal.cz\\\/en\\\/o-nas\\\/#breadcrumb\",\"itemListElement\":[{\"@type\":\"ListItem\",\"position\":1,\"name\":\"Dom\u016f\",\"item\":\"https:\\\/\\\/www.scmetal.cz\\\/?lang=en\"},{\"@type\":\"ListItem\",\"position\":2,\"name\":\"About Us\"}]},{\"@type\":\"WebSite\",\"@id\":\"https:\\\/\\\/www.scmetal.cz\\\/#website\",\"url\":\"https:\\\/\\\/www.scmetal.cz\\\/\",\"name\":\"scmetal.cz\",\"description\":\"komplexn\u00ed servis pro stroj\u00edrenstv\u00ed\",\"potentialAction\":[{\"@type\":\"SearchAction\",\"target\":{\"@type\":\"EntryPoint\",\"urlTemplate\":\"https:\\\/\\\/www.scmetal.cz\\\/?s={search_term_string}\"},\"query-input\":{\"@type\":\"PropertyValueSpecification\",\"valueRequired\":true,\"valueName\":\"search_term_string\"}}],\"inLanguage\":\"en-US\"}]}<\/script>\n<!-- \/ Yoast SEO plugin. -->","yoast_head_json":{"title":"About Us | scmetal.cz","description":"Metallurgic materials and engineering since 2004. More than 80 employees in two production plants. State of the art technology and own road transport.","robots":{"index":"index","follow":"follow","max-snippet":"max-snippet:-1","max-image-preview":"max-image-preview:large","max-video-preview":"max-video-preview:-1"},"canonical":"https:\/\/www.scmetal.cz\/en\/o-nas\/","og_locale":"en_US","og_type":"article","og_title":"About Us | scmetal.cz","og_description":"Metallurgic materials and engineering since 2004. More than 80 employees in two production plants. State of the art technology and own road transport.","og_url":"https:\/\/www.scmetal.cz\/en\/o-nas\/","og_site_name":"scmetal.cz","article_modified_time":"2025-06-17T10:14:25+00:00","twitter_card":"summary_large_image","twitter_misc":{"Est. reading time":"5 minutes"},"schema":{"@context":"https:\/\/schema.org","@graph":[{"@type":"WebPage","@id":"https:\/\/www.scmetal.cz\/en\/o-nas\/","url":"https:\/\/www.scmetal.cz\/en\/o-nas\/","name":"About Us | scmetal.cz","isPartOf":{"@id":"https:\/\/www.scmetal.cz\/#website"},"datePublished":"2017-06-26T19:03:12+00:00","dateModified":"2025-06-17T10:14:25+00:00","description":"Metallurgic materials and engineering since 2004. More than 80 employees in two production plants. State of the art technology and own road transport.","breadcrumb":{"@id":"https:\/\/www.scmetal.cz\/en\/o-nas\/#breadcrumb"},"inLanguage":"en-US","potentialAction":[{"@type":"ReadAction","target":["https:\/\/www.scmetal.cz\/en\/o-nas\/"]}]},{"@type":"BreadcrumbList","@id":"https:\/\/www.scmetal.cz\/en\/o-nas\/#breadcrumb","itemListElement":[{"@type":"ListItem","position":1,"name":"Dom\u016f","item":"https:\/\/www.scmetal.cz\/?lang=en"},{"@type":"ListItem","position":2,"name":"About Us"}]},{"@type":"WebSite","@id":"https:\/\/www.scmetal.cz\/#website","url":"https:\/\/www.scmetal.cz\/","name":"scmetal.cz","description":"komplexn\u00ed servis pro stroj\u00edrenstv\u00ed","potentialAction":[{"@type":"SearchAction","target":{"@type":"EntryPoint","urlTemplate":"https:\/\/www.scmetal.cz\/?s={search_term_string}"},"query-input":{"@type":"PropertyValueSpecification","valueRequired":true,"valueName":"search_term_string"}}],"inLanguage":"en-US"}]}},"_links":{"self":[{"href":"https:\/\/www.scmetal.cz\/en\/wp-json\/wp\/v2\/pages\/8997","targetHints":{"allow":["GET"]}}],"collection":[{"href":"https:\/\/www.scmetal.cz\/en\/wp-json\/wp\/v2\/pages"}],"about":[{"href":"https:\/\/www.scmetal.cz\/en\/wp-json\/wp\/v2\/types\/page"}],"author":[{"embeddable":true,"href":"https:\/\/www.scmetal.cz\/en\/wp-json\/wp\/v2\/users\/1"}],"replies":[{"embeddable":true,"href":"https:\/\/www.scmetal.cz\/en\/wp-json\/wp\/v2\/comments?post=8997"}],"version-history":[{"count":7,"href":"https:\/\/www.scmetal.cz\/en\/wp-json\/wp\/v2\/pages\/8997\/revisions"}],"predecessor-version":[{"id":10667,"href":"https:\/\/www.scmetal.cz\/en\/wp-json\/wp\/v2\/pages\/8997\/revisions\/10667"}],"wp:attachment":[{"href":"https:\/\/www.scmetal.cz\/en\/wp-json\/wp\/v2\/media?parent=8997"}],"curies":[{"name":"wp","href":"https:\/\/api.w.org\/{rel}","templated":true}]}}