{"id":8929,"date":"2019-11-05T18:50:13","date_gmt":"2019-11-05T17:50:13","guid":{"rendered":"https:\/\/cz24.info\/comprehensive-service-for-engineering\/"},"modified":"2020-12-03T11:28:28","modified_gmt":"2020-12-03T10:28:28","slug":"comprehensive-service-for-engineering","status":"publish","type":"page","link":"https:\/\/www.scmetal.cz\/en\/","title":{"rendered":"Comprehensive Service for engineering"},"content":{"rendered":"","protected":false},"excerpt":{"rendered":"","protected":false},"author":1,"featured_media":0,"parent":0,"menu_order":0,"comment_status":"closed","ping_status":"open","template":"","meta":{"_acf_changed":false,"footnotes":""},"class_list":["post-8929","page","type-page","status-publish","hentry","entry","post-inner"],"acf":[],"yoast_head":"<!-- This site is optimized with the Yoast SEO plugin v27.3 - https:\/\/yoast.com\/product\/yoast-seo-wordpress\/ -->\n<title>Metallurgic Materials and Engineering | scmetal.cz<\/title>\n<meta name=\"description\" content=\"Sale of metallurgous material, wholesale and retail sale. Cutting of metal sheets, splitting, grinding, pressing. Complex engineering service.\" \/>\n<meta name=\"robots\" content=\"index, nofollow, max-snippet:-1, max-image-preview:large, max-video-preview:-1\" \/>\n<link rel=\"canonical\" href=\"https:\/\/www.scmetal.cz\/?lang=en\" \/>\n<meta property=\"og:locale\" content=\"en_US\" \/>\n<meta property=\"og:type\" content=\"article\" \/>\n<meta property=\"og:title\" content=\"Metallurgic Materials and Engineering | scmetal.cz\" \/>\n<meta property=\"og:description\" content=\"Sale of metallurgous material, wholesale and retail sale. Cutting of metal sheets, splitting, grinding, pressing. Complex engineering service.\" \/>\n<meta property=\"og:url\" content=\"https:\/\/www.scmetal.cz\/?lang=en\" \/>\n<meta property=\"og:site_name\" content=\"scmetal.cz\" \/>\n<meta property=\"article:modified_time\" content=\"2020-12-03T10:28:28+00:00\" \/>\n<meta name=\"twitter:card\" content=\"summary_large_image\" \/>\n<script type=\"application\/ld+json\" class=\"yoast-schema-graph\">{\"@context\":\"https:\\\/\\\/schema.org\",\"@graph\":[{\"@type\":\"WebPage\",\"@id\":\"https:\\\/\\\/www.scmetal.cz\\\/?lang=en\",\"url\":\"https:\\\/\\\/www.scmetal.cz\\\/?lang=en\",\"name\":\"Metallurgic Materials and Engineering | scmetal.cz\",\"isPartOf\":{\"@id\":\"https:\\\/\\\/www.scmetal.cz\\\/#website\"},\"datePublished\":\"2019-11-05T17:50:13+00:00\",\"dateModified\":\"2020-12-03T10:28:28+00:00\",\"description\":\"Sale of metallurgous material, wholesale and retail sale. Cutting of metal sheets, splitting, grinding, pressing. Complex engineering service.\",\"breadcrumb\":{\"@id\":\"https:\\\/\\\/www.scmetal.cz\\\/?lang=en#breadcrumb\"},\"inLanguage\":\"en-US\",\"potentialAction\":[{\"@type\":\"ReadAction\",\"target\":[\"https:\\\/\\\/www.scmetal.cz\\\/?lang=en\"]}]},{\"@type\":\"BreadcrumbList\",\"@id\":\"https:\\\/\\\/www.scmetal.cz\\\/?lang=en#breadcrumb\",\"itemListElement\":[{\"@type\":\"ListItem\",\"position\":1,\"name\":\"Dom\u016f\",\"item\":\"https:\\\/\\\/www.scmetal.cz\\\/?lang=en\"},{\"@type\":\"ListItem\",\"position\":2,\"name\":\"Comprehensive Service for engineering\"}]},{\"@type\":\"WebSite\",\"@id\":\"https:\\\/\\\/www.scmetal.cz\\\/#website\",\"url\":\"https:\\\/\\\/www.scmetal.cz\\\/\",\"name\":\"scmetal.cz\",\"description\":\"komplexn\u00ed servis pro stroj\u00edrenstv\u00ed\",\"potentialAction\":[{\"@type\":\"SearchAction\",\"target\":{\"@type\":\"EntryPoint\",\"urlTemplate\":\"https:\\\/\\\/www.scmetal.cz\\\/?s={search_term_string}\"},\"query-input\":{\"@type\":\"PropertyValueSpecification\",\"valueRequired\":true,\"valueName\":\"search_term_string\"}}],\"inLanguage\":\"en-US\"}]}<\/script>\n<!-- \/ Yoast SEO plugin. -->","yoast_head_json":{"title":"Metallurgic Materials and Engineering | scmetal.cz","description":"Sale of metallurgous material, wholesale and retail sale. Cutting of metal sheets, splitting, grinding, pressing. Complex engineering service.","robots":{"index":"index","follow":"nofollow","max-snippet":"max-snippet:-1","max-image-preview":"max-image-preview:large","max-video-preview":"max-video-preview:-1"},"canonical":"https:\/\/www.scmetal.cz\/?lang=en","og_locale":"en_US","og_type":"article","og_title":"Metallurgic Materials and Engineering | scmetal.cz","og_description":"Sale of metallurgous material, wholesale and retail sale. Cutting of metal sheets, splitting, grinding, pressing. Complex engineering service.","og_url":"https:\/\/www.scmetal.cz\/?lang=en","og_site_name":"scmetal.cz","article_modified_time":"2020-12-03T10:28:28+00:00","twitter_card":"summary_large_image","schema":{"@context":"https:\/\/schema.org","@graph":[{"@type":"WebPage","@id":"https:\/\/www.scmetal.cz\/?lang=en","url":"https:\/\/www.scmetal.cz\/?lang=en","name":"Metallurgic Materials and Engineering | scmetal.cz","isPartOf":{"@id":"https:\/\/www.scmetal.cz\/#website"},"datePublished":"2019-11-05T17:50:13+00:00","dateModified":"2020-12-03T10:28:28+00:00","description":"Sale of metallurgous material, wholesale and retail sale. Cutting of metal sheets, splitting, grinding, pressing. Complex engineering service.","breadcrumb":{"@id":"https:\/\/www.scmetal.cz\/?lang=en#breadcrumb"},"inLanguage":"en-US","potentialAction":[{"@type":"ReadAction","target":["https:\/\/www.scmetal.cz\/?lang=en"]}]},{"@type":"BreadcrumbList","@id":"https:\/\/www.scmetal.cz\/?lang=en#breadcrumb","itemListElement":[{"@type":"ListItem","position":1,"name":"Dom\u016f","item":"https:\/\/www.scmetal.cz\/?lang=en"},{"@type":"ListItem","position":2,"name":"Comprehensive Service for engineering"}]},{"@type":"WebSite","@id":"https:\/\/www.scmetal.cz\/#website","url":"https:\/\/www.scmetal.cz\/","name":"scmetal.cz","description":"komplexn\u00ed servis pro stroj\u00edrenstv\u00ed","potentialAction":[{"@type":"SearchAction","target":{"@type":"EntryPoint","urlTemplate":"https:\/\/www.scmetal.cz\/?s={search_term_string}"},"query-input":{"@type":"PropertyValueSpecification","valueRequired":true,"valueName":"search_term_string"}}],"inLanguage":"en-US"}]}},"_links":{"self":[{"href":"https:\/\/www.scmetal.cz\/en\/wp-json\/wp\/v2\/pages\/8929","targetHints":{"allow":["GET"]}}],"collection":[{"href":"https:\/\/www.scmetal.cz\/en\/wp-json\/wp\/v2\/pages"}],"about":[{"href":"https:\/\/www.scmetal.cz\/en\/wp-json\/wp\/v2\/types\/page"}],"author":[{"embeddable":true,"href":"https:\/\/www.scmetal.cz\/en\/wp-json\/wp\/v2\/users\/1"}],"replies":[{"embeddable":true,"href":"https:\/\/www.scmetal.cz\/en\/wp-json\/wp\/v2\/comments?post=8929"}],"version-history":[{"count":0,"href":"https:\/\/www.scmetal.cz\/en\/wp-json\/wp\/v2\/pages\/8929\/revisions"}],"wp:attachment":[{"href":"https:\/\/www.scmetal.cz\/en\/wp-json\/wp\/v2\/media?parent=8929"}],"curies":[{"name":"wp","href":"https:\/\/api.w.org\/{rel}","templated":true}]}}